{"id":858,"date":"2015-12-23T17:55:02","date_gmt":"2015-12-23T16:55:02","guid":{"rendered":"http:\/\/www.colomalberti.fr\/?page_id=858"},"modified":"2019-01-14T16:58:17","modified_gmt":"2019-01-14T15:58:17","slug":"stage","status":"publish","type":"page","link":"http:\/\/www.colomalberti.fr\/index.php\/stage\/","title":{"rendered":"Offres de stage"},"content":{"rendered":"<p>[et_pb_section admin_label=\u00a0\u00bbSection\u00a0\u00bb fullwidth=\u00a0\u00bbon\u00a0\u00bb specialty=\u00a0\u00bboff\u00a0\u00bb background_image=\u00a0\u00bbhttp:\/\/www.colomalberti.fr\/wp-content\/uploads\/2015\/11\/orange1.png\u00a0\u00bb transparent_background=\u00a0\u00bboff\u00a0\u00bb allow_player_pause=\u00a0\u00bboff\u00a0\u00bb inner_shadow=\u00a0\u00bbon\u00a0\u00bb parallax=\u00a0\u00bbon\u00a0\u00bb parallax_method=\u00a0\u00bboff\u00a0\u00bb padding_mobile=\u00a0\u00bboff\u00a0\u00bb make_fullwidth=\u00a0\u00bboff\u00a0\u00bb use_custom_width=\u00a0\u00bboff\u00a0\u00bb width_unit=\u00a0\u00bbon\u00a0\u00bb make_equal=\u00a0\u00bboff\u00a0\u00bb use_custom_gutter=\u00a0\u00bboff\u00a0\u00bb custom_css_main_element=\u00a0\u00bbheight:130px\u00a0\u00bb][\/et_pb_section][et_pb_section admin_label=\u00a0\u00bbsection\u00a0\u00bb][et_pb_row admin_label=\u00a0\u00bbrow\u00a0\u00bb][et_pb_column type=\u00a0\u00bb4_4&Prime;][et_pb_text admin_label=\u00a0\u00bbTexte\u00a0\u00bb background_layout=\u00a0\u00bblight\u00a0\u00bb text_orientation=\u00a0\u00bbleft\u00a0\u00bb use_border_color=\u00a0\u00bboff\u00a0\u00bb border_color=\u00a0\u00bb#ffffff\u00a0\u00bb border_style=\u00a0\u00bbsolid\u00a0\u00bb]<\/p>\n<p><strong>A la recherche d&rsquo;un stage\u00a0?<\/strong><\/p>\n<p>D\u00e9couvrez ci-dessous les offres disponibles pour la soci\u00e9t\u00e9 Colom Alberti ainsi que pour les autres entit\u00e9s du groupe.<\/p>\n<p>Pour postuler directement en ligne, pr\u00e9parez votre CV et faites-nous parvenir vos motivations via le <a href=\"http:\/\/www.colomalberti.fr\/index.php\/nous-rejoindre\/postuler-en-ligne\/\" target=\"_blank\">formulaire.<\/a><\/p>\n<p>[\/et_pb_text][et_pb_text admin_label=\u00a0\u00bbTexte\u00a0\u00bb background_layout=\u00a0\u00bblight\u00a0\u00bb text_orientation=\u00a0\u00bbleft\u00a0\u00bb use_border_color=\u00a0\u00bboff\u00a0\u00bb border_color=\u00a0\u00bb#ffffff\u00a0\u00bb border_style=\u00a0\u00bbsolid\u00a0\u00bb text_font_size=\u00a0\u00bb20&Prime;]<\/p>\n<p style=\"text-align: center;\"><strong>LES OFFRES\u00a0COLOM ALBERTI<\/strong><\/p>\n<p>[\/et_pb_text][et_pb_toggle admin_label=\u00a0\u00bbBascule\u00a0\u00bb title=\u00a0\u00bbAucune offre disponible pour le moment\u00a0\u00bb open=\u00a0\u00bboff\u00a0\u00bb use_border_color=\u00a0\u00bboff\u00a0\u00bb border_color=\u00a0\u00bb#ffffff\u00a0\u00bb border_style=\u00a0\u00bbsolid\u00a0\u00bb] [\/et_pb_toggle][\/et_pb_column][\/et_pb_row][et_pb_row admin_label=\u00a0\u00bbLigne\u00a0\u00bb][et_pb_column type=\u00a0\u00bb4_4&Prime;][et_pb_divider admin_label=\u00a0\u00bbS\u00e9parateur\u00a0\u00bb color=\u00a0\u00bb#ffffff\u00a0\u00bb show_divider=\u00a0\u00bboff\u00a0\u00bb height=\u00a0\u00bb50&Prime; divider_style=\u00a0\u00bbsolid\u00a0\u00bb divider_position=\u00a0\u00bbtop\u00a0\u00bb hide_on_mobile=\u00a0\u00bbon\u00a0\u00bb] [\/et_pb_divider][\/et_pb_column][\/et_pb_row][et_pb_row admin_label=\u00a0\u00bbrow\u00a0\u00bb][et_pb_column type=\u00a0\u00bb4_4&Prime;][\/et_pb_column][\/et_pb_row][\/et_pb_section][et_pb_section admin_label=\u00a0\u00bbSection\u00a0\u00bb fullwidth=\u00a0\u00bbon\u00a0\u00bb specialty=\u00a0\u00bboff\u00a0\u00bb background_image=\u00a0\u00bbhttp:\/\/www.colomalberti.fr\/wp-content\/uploads\/2015\/11\/orange1.png\u00a0\u00bb transparent_background=\u00a0\u00bboff\u00a0\u00bb allow_player_pause=\u00a0\u00bboff\u00a0\u00bb inner_shadow=\u00a0\u00bbon\u00a0\u00bb parallax=\u00a0\u00bbon\u00a0\u00bb parallax_method=\u00a0\u00bboff\u00a0\u00bb padding_mobile=\u00a0\u00bboff\u00a0\u00bb make_fullwidth=\u00a0\u00bboff\u00a0\u00bb use_custom_width=\u00a0\u00bboff\u00a0\u00bb width_unit=\u00a0\u00bbon\u00a0\u00bb make_equal=\u00a0\u00bboff\u00a0\u00bb use_custom_gutter=\u00a0\u00bboff\u00a0\u00bb custom_css_main_element=\u00a0\u00bbheight:130px\u00a0\u00bb][\/et_pb_section]<\/p>\n","protected":false},"excerpt":{"rendered":"<p>A la recherche d&rsquo;un stage\u00a0? D\u00e9couvrez ci-dessous les offres disponibles pour la soci\u00e9t\u00e9 Colom Alberti ainsi que pour les autres entit\u00e9s du groupe. Pour postuler directement en ligne, pr\u00e9parez votre CV et faites-nous parvenir vos motivations via le formulaire. LES OFFRES\u00a0COLOM ALBERTI<\/p>\n","protected":false},"author":1,"featured_media":0,"parent":0,"menu_order":0,"comment_status":"closed","ping_status":"closed","template":"","meta":{"_et_pb_use_builder":"on","_et_pb_old_content":"","_et_gb_content_width":""},"yoast_head":"<!-- This site is optimized with the Yoast SEO plugin v18.6 - https:\/\/yoast.com\/wordpress\/plugins\/seo\/ -->\n<title>Offres de stage - Colom Alberti<\/title>\n<meta name=\"robots\" content=\"index, follow, max-snippet:-1, max-image-preview:large, max-video-preview:-1\" \/>\n<link rel=\"canonical\" href=\"http:\/\/www.mag-fruits.fr\/index.php\/stage\/\" \/>\n<meta property=\"og:locale\" content=\"fr_FR\" \/>\n<meta property=\"og:type\" content=\"article\" \/>\n<meta property=\"og:title\" content=\"Offres de stage - Colom Alberti\" \/>\n<meta property=\"og:description\" content=\"A la recherche d&#039;un stage\u00a0? D\u00e9couvrez ci-dessous les offres disponibles pour la soci\u00e9t\u00e9 Colom Alberti ainsi que pour les autres entit\u00e9s du groupe. Pour postuler directement en ligne, pr\u00e9parez votre CV et faites-nous parvenir vos motivations via le formulaire. LES OFFRES\u00a0COLOM ALBERTI\" \/>\n<meta property=\"og:url\" content=\"http:\/\/www.mag-fruits.fr\/index.php\/stage\/\" \/>\n<meta property=\"og:site_name\" content=\"Colom Alberti\" \/>\n<meta property=\"article:modified_time\" content=\"2019-01-14T15:58:17+00:00\" \/>\n<meta name=\"twitter:card\" content=\"summary\" \/>\n<meta name=\"twitter:label1\" content=\"Dur\u00e9e de lecture estim\u00e9e\" \/>\n\t<meta name=\"twitter:data1\" content=\"2 minutes\" \/>\n<script type=\"application\/ld+json\" class=\"yoast-schema-graph\">{\"@context\":\"https:\/\/schema.org\",\"@graph\":[{\"@type\":\"WebSite\",\"@id\":\"http:\/\/www.colomalberti.fr\/#website\",\"url\":\"http:\/\/www.colomalberti.fr\/\",\"name\":\"Colom Alberti\",\"description\":\"Au coeur du frais\",\"potentialAction\":[{\"@type\":\"SearchAction\",\"target\":{\"@type\":\"EntryPoint\",\"urlTemplate\":\"http:\/\/www.colomalberti.fr\/?s={search_term_string}\"},\"query-input\":\"required name=search_term_string\"}],\"inLanguage\":\"fr-FR\"},{\"@type\":\"WebPage\",\"@id\":\"http:\/\/www.mag-fruits.fr\/index.php\/stage\/#webpage\",\"url\":\"http:\/\/www.mag-fruits.fr\/index.php\/stage\/\",\"name\":\"Offres de stage - Colom Alberti\",\"isPartOf\":{\"@id\":\"http:\/\/www.colomalberti.fr\/#website\"},\"datePublished\":\"2015-12-23T16:55:02+00:00\",\"dateModified\":\"2019-01-14T15:58:17+00:00\",\"breadcrumb\":{\"@id\":\"http:\/\/www.mag-fruits.fr\/index.php\/stage\/#breadcrumb\"},\"inLanguage\":\"fr-FR\",\"potentialAction\":[{\"@type\":\"ReadAction\",\"target\":[\"http:\/\/www.mag-fruits.fr\/index.php\/stage\/\"]}]},{\"@type\":\"BreadcrumbList\",\"@id\":\"http:\/\/www.mag-fruits.fr\/index.php\/stage\/#breadcrumb\",\"itemListElement\":[{\"@type\":\"ListItem\",\"position\":1,\"name\":\"Accueil\",\"item\":\"http:\/\/www.colomalberti.fr\/\"},{\"@type\":\"ListItem\",\"position\":2,\"name\":\"Offres de stage\"}]}]}<\/script>\n<!-- \/ Yoast SEO plugin. -->","yoast_head_json":{"title":"Offres de stage - Colom Alberti","robots":{"index":"index","follow":"follow","max-snippet":"max-snippet:-1","max-image-preview":"max-image-preview:large","max-video-preview":"max-video-preview:-1"},"canonical":"http:\/\/www.mag-fruits.fr\/index.php\/stage\/","og_locale":"fr_FR","og_type":"article","og_title":"Offres de stage - Colom Alberti","og_description":"A la recherche d'un stage\u00a0? D\u00e9couvrez ci-dessous les offres disponibles pour la soci\u00e9t\u00e9 Colom Alberti ainsi que pour les autres entit\u00e9s du groupe. Pour postuler directement en ligne, pr\u00e9parez votre CV et faites-nous parvenir vos motivations via le formulaire. LES OFFRES\u00a0COLOM ALBERTI","og_url":"http:\/\/www.mag-fruits.fr\/index.php\/stage\/","og_site_name":"Colom Alberti","article_modified_time":"2019-01-14T15:58:17+00:00","twitter_card":"summary","twitter_misc":{"Dur\u00e9e de lecture estim\u00e9e":"2 minutes"},"schema":{"@context":"https:\/\/schema.org","@graph":[{"@type":"WebSite","@id":"http:\/\/www.colomalberti.fr\/#website","url":"http:\/\/www.colomalberti.fr\/","name":"Colom Alberti","description":"Au coeur du frais","potentialAction":[{"@type":"SearchAction","target":{"@type":"EntryPoint","urlTemplate":"http:\/\/www.colomalberti.fr\/?s={search_term_string}"},"query-input":"required name=search_term_string"}],"inLanguage":"fr-FR"},{"@type":"WebPage","@id":"http:\/\/www.mag-fruits.fr\/index.php\/stage\/#webpage","url":"http:\/\/www.mag-fruits.fr\/index.php\/stage\/","name":"Offres de stage - Colom Alberti","isPartOf":{"@id":"http:\/\/www.colomalberti.fr\/#website"},"datePublished":"2015-12-23T16:55:02+00:00","dateModified":"2019-01-14T15:58:17+00:00","breadcrumb":{"@id":"http:\/\/www.mag-fruits.fr\/index.php\/stage\/#breadcrumb"},"inLanguage":"fr-FR","potentialAction":[{"@type":"ReadAction","target":["http:\/\/www.mag-fruits.fr\/index.php\/stage\/"]}]},{"@type":"BreadcrumbList","@id":"http:\/\/www.mag-fruits.fr\/index.php\/stage\/#breadcrumb","itemListElement":[{"@type":"ListItem","position":1,"name":"Accueil","item":"http:\/\/www.colomalberti.fr\/"},{"@type":"ListItem","position":2,"name":"Offres de stage"}]}]}},"_links":{"self":[{"href":"http:\/\/www.colomalberti.fr\/index.php\/wp-json\/wp\/v2\/pages\/858"}],"collection":[{"href":"http:\/\/www.colomalberti.fr\/index.php\/wp-json\/wp\/v2\/pages"}],"about":[{"href":"http:\/\/www.colomalberti.fr\/index.php\/wp-json\/wp\/v2\/types\/page"}],"author":[{"embeddable":true,"href":"http:\/\/www.colomalberti.fr\/index.php\/wp-json\/wp\/v2\/users\/1"}],"replies":[{"embeddable":true,"href":"http:\/\/www.colomalberti.fr\/index.php\/wp-json\/wp\/v2\/comments?post=858"}],"version-history":[{"count":8,"href":"http:\/\/www.colomalberti.fr\/index.php\/wp-json\/wp\/v2\/pages\/858\/revisions"}],"predecessor-version":[{"id":1100,"href":"http:\/\/www.colomalberti.fr\/index.php\/wp-json\/wp\/v2\/pages\/858\/revisions\/1100"}],"wp:attachment":[{"href":"http:\/\/www.colomalberti.fr\/index.php\/wp-json\/wp\/v2\/media?parent=858"}],"curies":[{"name":"wp","href":"https:\/\/api.w.org\/{rel}","templated":true}]}}